{"id":3150,"date":"2021-04-15T17:32:10","date_gmt":"2021-04-15T17:32:10","guid":{"rendered":"https:\/\/jox.design\/vento\/?page_id=3150"},"modified":"2021-04-15T17:34:32","modified_gmt":"2021-04-15T17:34:32","slug":"aviso-de-privacidad","status":"publish","type":"page","link":"https:\/\/ventocapital.com\/en\/aviso-de-privacidad\/","title":{"rendered":"Aviso de Privacidad"},"content":{"rendered":"<div data-elementor-type=\"wp-page\" data-elementor-id=\"3150\" class=\"elementor elementor-3150\" data-elementor-post-type=\"page\">\n\t\t\t\t\t\t<section class=\"elementor-section elementor-top-section elementor-element elementor-element-67f1c61f elementor-section-boxed elementor-section-height-default elementor-section-height-default\" data-id=\"67f1c61f\" data-element_type=\"section\">\n\t\t\t\t\t\t<div class=\"elementor-container elementor-column-gap-default\">\n\t\t\t\t\t<div class=\"elementor-column elementor-col-100 elementor-top-column elementor-element elementor-element-f8dacb4\" data-id=\"f8dacb4\" data-element_type=\"column\">\n\t\t\t<div class=\"elementor-widget-wrap elementor-element-populated\">\n\t\t\t\t\t\t<div class=\"elementor-element elementor-element-9538212 elementor-widget elementor-widget-heading\" data-id=\"9538212\" data-element_type=\"widget\" data-settings=\"{&quot;ekit_we_effect_on&quot;:&quot;none&quot;}\" data-widget_type=\"heading.default\">\n\t\t\t\t<div class=\"elementor-widget-container\">\n\t\t\t\t\t<h2 class=\"elementor-heading-title elementor-size-default\">Aviso de Privacidad<\/h2>\t\t\t\t<\/div>\n\t\t\t\t<\/div>\n\t\t\t\t<div class=\"elementor-element elementor-element-56730ef0 elementor-widget elementor-widget-text-editor\" data-id=\"56730ef0\" data-element_type=\"widget\" data-settings=\"{&quot;ekit_we_effect_on&quot;:&quot;none&quot;}\" data-widget_type=\"text-editor.default\">\n\t\t\t\t<div class=\"elementor-widget-container\">\n\t\t\t\t\t\t\t\t\t\n<p>El presente documento constituye el Aviso de privacidad de Privacidad para efectos de lo dispuesto en la Ley Federal de Protecci\u00f3n de Datos Personales en Posesi\u00f3n de los Particulares (la \u201cLFPDP\u201d) y las disposiciones que emanan de ella o se relacionan con la misma. Este Aviso de privacidad aplica a la informaci\u00f3n personal recopilada sobre el Titular por Vento Advisors, SAPI de CV (VentoCapital) en su car\u00e1cter de responsable.<\/p>\n\n<p>Para los efectos del presente Aviso de privacidad, los t\u00e9rminos que no est\u00e9n contemplados en el mismo tendr\u00e1n el significado que se les atribuye en la Ley Federal de Protecci\u00f3n de Datos Personales en Posesi\u00f3n de los Particulares (LFPDP). El presente Aviso de privacidad tiene por objeto establecer t\u00e9rminos y condiciones por medio de los cuales VentoCapital (o el Encargado que designe VentoCapital) recibir\u00e1 y proteger\u00e1 los Datos Personales del Titular, a efecto de proteger su privacidad; utilizar\u00e1 los Datos Personales del Titular, y \/o realizar\u00e1 en su caso las transferencias sus Datos Personales a terceros.<\/p>\n\n<p>\u00a0<\/p>\n<p><strong>1. CONSENTIMIENTO DEL TITULAR.<\/strong><\/p>\n\n<p>Para efectos de lo dispuesto en la LFPDP y en particular en su Art\u00edculo 17, el Titular manifiesta que:<\/p>\n\n<ol class=\"wp-block-list\" type=\"1\">\n<li>El presente Aviso de privacidad le ha sido dado a conocer por el Responsable.<\/li>\n<li>Que ha le\u00eddo, entendido y acordado los t\u00e9rminos se\u00f1alados en este Aviso de privacidad, por lo que otorga su consentimiento respecto al tratamiento de sus Datos Personales conforme lo establece la LFPDP y legislaci\u00f3n aplicable.<\/li>\n<li>Que en caso de que los Datos Personales recopilados incluyan Datos Personales sensibles o financieros, sean estos proporcionados en formato impreso, o utilizando medios electr\u00f3nicos, son actos que constituyen su consentimiento expreso como su titular en t\u00e9rminos del segundo p\u00e1rrafo del art\u00edculo 8 de la LFPDP y dem\u00e1s legislaci\u00f3n aplicable.<\/li>\n<li>Que otorga su consentimiento para que VentoCapital o sus Encargados realicen transferencias de Datos Personales a terceros nacionales o extranjeros, en el entendido de que el tratamiento que dichos terceros den a sus Datos Personales deber\u00e1 ajustarse a lo establecido en este Aviso de privacidad.<\/li>\n<li>Que en caso de que el Titular no se oponga a los t\u00e9rminos del Aviso de privacidad se considerar\u00e1 acordado y consentido su contenido y que el consentimiento del Titular podr\u00e1 ser revocado en cualquier momento por \u00e9ste.<\/li>\n<\/ol>\n\n<p>No obstante cualquier disposici\u00f3n de este Aviso de privacidad, el Titular reconoce que no se requerir\u00e1 de su consentimiento para el tratamiento de Datos Personales por parte del Responsable o de terceros en cualquiera de los casos se\u00f1alados en el Art\u00edculo 10 de la LFPDP.<strong><br \/><\/strong><\/p>\n\n<p>\u00a0<\/p>\n<p><strong>2. RECOLECCI\u00d3N DE LOS DATOS PERSONALES.<\/strong><\/p>\n\n<p>La recolecci\u00f3n de Datos Personales podr\u00e1 efectuarse, por comunicaci\u00f3n v\u00eda telef\u00f3nica con el Responsable o con sus Encargados, empleados o bien, mediante entrega directa al Responsable o mediante el uso de correos electr\u00f3nicos y\/o mensajes cortos de texto, o mediante la utilizaci\u00f3n de sus sitios Web,\u00a0 mediante el uso de herramientas de captura autom\u00e1tica de datos. Las cuales permiten recolectar la informaci\u00f3n que env\u00eda su navegador a dichos sitios Web, tales como el tipo de navegador que utiliza, el idioma de usuario, y la direcci\u00f3n IP de sitios Web que utiliz\u00f3 para acceder a los sitios del responsable o encargados.<\/p>\n\n<p>Los siguientes son ejemplos, a t\u00edtulo enunciativo mas no limitativo, de informaci\u00f3n que el Responsable puede recopilar: nombre y apellidos; fecha de nacimiento; domicilio, sea particular, del trabajo, o fiscal; direcci\u00f3n de correo electr\u00f3nico, personal o del trabajo; nombre de identificaci\u00f3n en redes sociales; n\u00famero telef\u00f3nico, particular o del trabajo; n\u00famero de tel\u00e9fono celular; n\u00famero cuentas bancarias; clave del Registro Federal de Contribuyentes (RFC); Clave \u00danica de Registro de Poblaci\u00f3n (CURP).<\/p>\n\n<p>Dentro de la documentaci\u00f3n que puede ser recolectada por VentoCapital para la verificaci\u00f3n de la identidad del Titular de los Datos Personales se encuentra la credencial de elector; la cartilla de identidad del servicio militar nacional liberada; la c\u00e9dula profesional; pasaporte; Forma migratoria; la c\u00e9dula de registro en el RFC; la c\u00e9dula de registro con la CURP; el comprobante de domicilio; el informe especial de cr\u00e9dito emitido por una Sociedad de Informaci\u00f3n Crediticia. Para el caso de postulantes a empleados podr\u00eda tambi\u00e9n solicitarse, entre otros, el acta de nacimiento; comprobantes de estudios; el estado de cuenta de la Administradora de Fondos para el retiro (Afore); la hoja de retenci\u00f3n de impuestos, as\u00ed como del estudio psicom\u00e9trico, m\u00e9dico y socioecon\u00f3mico efectuados por VentoCapital. Tambi\u00e9n le podr\u00edan ser solicitados los Datos Personales de sus familiares, dependientes o beneficiarios y la documentaci\u00f3n comprobatoria conducente.<\/p>\n\n<p>\u00a0<\/p>\n<p><strong>3. FINALIDAD DE LOS DATOS PERSONALES.<\/strong><\/p>\n\n<p>Los Datos Personales del Titular son recolectados y tratados por el Responsable o sus Encargados con la finalidad de permitirle al Titular, llevar a cabo las siguientes actividades con el Responsable:<\/p>\n\n<ol class=\"wp-block-list\" type=\"A\">\n<li>Solicitar, comprar, cambiar, o devolver productos, ofrecidos por VentoCapital;<\/li>\n<li>Solicitar, contratar, cambiar o cancelar servicios, ofrecidos por VentoCapital;<\/li>\n<li>Efectuar pagos en l\u00ednea;<\/li>\n<li>Solicitar factura o comprobante fiscal digital;<\/li>\n<li>Solicitar una cotizaci\u00f3n, sobre productos y servicios;<\/li>\n<li>Solicitar la entrega, reparaci\u00f3n o cumplimiento de garant\u00eda de productos;<\/li>\n<li>Contactar el Servicio de Atenci\u00f3n a Clientes;<\/li>\n<li>Participar en encuestas;<\/li>\n<li>Utilizar los distintos servicios de sus correspondientes Sitios Web incluyendo la descarga de contenidos y formatos;<\/li>\n<li>Compartir sus comentarios o sugerencias sobre los productos y servicios;<\/li>\n<li>Procesar pagos;<\/li>\n<li>Cualquier otra actividad de naturaleza an\u00e1loga a las descritas en los incisos previamente citados.<\/li>\n<\/ol>\n\n<p>Asimismo, el responsable, directamente o a trav\u00e9s de sus encargados, puede utilizar sus datos Personales con la finalidad de:<\/p>\n\n<ol class=\"wp-block-list\" type=\"A\">\n<li>Realizar estudios sobre intereses y comportamiento de sus clientes, consumidores, proveedores, y de aquellos terceros con los que trate;<\/li>\n<li>Efectuar estudios de mercado y de consumo a efecto de adquirir y ofrecer productos y servicios personalizados, as\u00ed como publicidad y contenidos m\u00e1s adecuados a las necesidades de sus clientes, consumidores, proveedores y otros terceros con los que trate;<\/li>\n<li>Elaborar estad\u00edsticas internas que indiquen los servicios y productos m\u00e1s apreciados por los diferentes segmentos de sus clientes, consumidores, proveedores;<\/li>\n<li>Formalizar el proceso transaccional con sus clientes, consumidores, proveedores y otros terceros con los que trate;<\/li>\n<li>Gestionar el proceso de requisici\u00f3n, evaluaci\u00f3n y adjudicaci\u00f3n de proveedores y otros terceros con los que trate;<\/li>\n<li>En su caso, verificar la capacidad de cr\u00e9dito y\/o pago del Titular, lo cual se podr\u00e1 efectuar a trav\u00e9s de las sociedades de informaci\u00f3n crediticia, en t\u00e9rminos de la Ley para regular las Sociedades de Informaci\u00f3n Crediticia;<\/li>\n<li>Comprobar las transacciones comerciales realizadas por el Titular con el Responsable;<\/li>\n<li>Para el caso de los postulantes a empleados de VentoCapital, se llevar\u00e1n a cabo las siguientes actividades:<\/li>\n<li>Efectuar el proceso de reclutamiento y selecci\u00f3n de personal;<\/li>\n<li>Realizar el proceso de contrataci\u00f3n;<\/li>\n<\/ol>\n\n<p>\u00a0<\/p>\n<p><strong>4. RECOLECCI\u00d3N DE DATOS AL NAVEGAR EN SITIOS Y P\u00c1GINAS WEB DE VENTOCAPITAL.<\/strong><\/p>\n\n<p>Dentro de las herramientas de captura autom\u00e1tica de datos utilizadas por VentoCapital en sus sitios y p\u00e1ginas web se encuentran las cookies y los enlaces en los correos electr\u00f3nicos.<\/p>\n\n<p>V\u00ednculos en los correos electr\u00f3nicos de VentoCapital. &#8211; Los correos electr\u00f3nicos que incluyen v\u00ednculos que permiten a VentoCapital saber si usted activ\u00f3 dicho v\u00ednculo y visit\u00f3 la p\u00e1gina web de destino, pudiendo esta informaci\u00f3n ser incluida en su perfil. En caso de que usted prefiera que VentoCapital no recolecte informaci\u00f3n sobre su interacci\u00f3n con dichos v\u00ednculos, usted puede optar por modificar el formato de las comunicaciones de VentoCapital (por ejemplo, que el mensaje sea recibido en formato de texto y no en formato HTML) o puede hacer caso omiso del v\u00ednculo y no acceder a su contenido.<strong><br \/><\/strong><\/p>\n\n<p>\u00a0<\/p>\n<p><strong>5. TRANSFERENCIAS DE DATOS.<\/strong><\/p>\n\n<p>Habiendo le\u00eddo, entendido y acordado los t\u00e9rminos expuestos en este Aviso de privacidad, el Titular manifiesta su consentimiento para que el Responsable o cualquier Encargado realicen transferencias de Datos Personales a terceros nacionales o extranjeros, en el entendido de que el tratamiento que dichos terceros den a los Datos Personales del Titular deber\u00e1 ajustarse a lo establecido en este Aviso de privacidad.<\/p>\n\n<p>\u00a0<\/p>\n<p><strong>6. LIMITACI\u00d3N DE USO Y DIVULGACI\u00d3N DE LA INFORMACI\u00d3N.<\/strong><\/p>\n\n<p>El Responsable y\/o sus Encargados conservar\u00e1n los Datos Personales del Titular durante el tiempo que sea necesario para procesar sus solicitudes de informaci\u00f3n, productos y\/o servicios, as\u00ed como para mantener los registros contables, financieros y de auditoria en t\u00e9rminos de la LFPDP y de la legislaci\u00f3n mercantil, fiscal y administrativa vigente. Adem\u00e1s de controlar la divulgaci\u00f3n de dichos datos o informaci\u00f3n de socios comerciales.<\/p>\n\n<p>Los Datos Personales del Titular recolectados por el Responsable y\/o sus Encargados se encontrar\u00e1n protegidos por medidas de seguridad administrativas, t\u00e9cnicas y f\u00edsicas adecuadas contra el da\u00f1o, p\u00e9rdida, alteraci\u00f3n, destrucci\u00f3n o uso, acceso o tratamiento no autorizados, de conformidad con lo dispuesto en la LFPDP y de la regulaci\u00f3n administrativa derivada de la misma. No obstante, lo se\u00f1alado anteriormente, VentoCapital no garantiza que terceros no autorizados no puedan tener acceso a los sistemas f\u00edsicos o l\u00f3gicos de los Titulares o del responsable o en los documentos electr\u00f3nicos y ficheros almacenados en sus sistemas. En consecuencia, VentoCapital no ser\u00e1 en ning\u00fan caso responsable de los da\u00f1os y perjuicios que pudieran derivarse de dicho acceso no autorizado.<\/p>\n\n<p>\u00a0<\/p>\n<p><strong>7. DEPARTAMENTO DE DATOS PERSONALES; DOMICILIO.<\/strong><\/p>\n\n<p>Para cualquier comunicaci\u00f3n acerca de nuestro Aviso de Privacidad, por favor contacte a nuestro Departamento de Datos Personales:<\/p>\n<p>\u00a0<\/p>\n\n<p>Vento Advisors, SAPI de CV y\/o su marca comercial de VentoCapital<\/p>\n\n<p>Prolongaci\u00f3n Los Soles 200; Torre Martel IV; Colonia Valle Oriente; San Pedro Garza Garc\u00eda, Nuevo Le\u00f3n; C.P. 66269.<\/p>\n\n<p>info@ventocapital.com<\/p>\n\n<p>Para efectos de lo dispuesto en la fracci\u00f3n I del Art\u00edculo 16 de la LFPDP, el domicilio del responsable es el establecido en esta Secci\u00f3n 7 del presente Aviso de privacidad.<strong><br \/><\/strong><\/p>\n\n<p>\u00a0<\/p>\n<p><strong>8. PROCEDIMIENTO PARA EJERCER LOS DERECHOS COMO TITULAR DE DATOS PERSONALES.<\/strong><\/p>\n\n<p>Usted tiene, en todo momento, derecho de acceder, rectificar y cancelar sus datos personales, as\u00ed como de oponerse al tratamiento de los mismos o revocar el consentimiento que para tal fin nos haya proporcionado presentando una solicitud con la informaci\u00f3n y documentaci\u00f3n siguiente:<\/p>\n\n<ol class=\"wp-block-list\" type=\"A\">\n<li>Nombre del Titular, domicilio, tel\u00e9fono y Direcci\u00f3n de correo electr\u00f3nico.<\/li>\n<li>Los documentos que acrediten su identidad (copia simple en formato impreso o electr\u00f3nico de su credencial de elector, c\u00e9dula profesional, pasaporte o Forma Migratoria) o, en su caso, la representaci\u00f3n legal del Titular copia simple en formato impreso o electr\u00f3nico de la carta poder simple con firma aut\u00f3grafa del Titular, el mandatario y sus correspondientes identificaciones<\/li>\n<li>La descripci\u00f3n clara y precisa de los Datos Personales respecto de los que busca ejercer alguno de los Derechos.<\/li>\n<li>Cualquier otro elemento o documento que facilite la localizaci\u00f3n de los Datos Personales del Titular.<\/li>\n<\/ol>\n\n<p>En el caso de las solicitudes de rectificaci\u00f3n de Datos Personales, el Titular respectivo deber\u00e1 tambi\u00e9n indicar las modificaciones a realizarse y aportar la documentaci\u00f3n que sustente su petici\u00f3n.<\/p>\n\n<p>El Responsable o sus Encargados le responder\u00e1n al Titular respectivo en un plazo m\u00e1ximo de veinte d\u00edas h\u00e1biles, contados desde la fecha en que se recibi\u00f3 la solicitud. Los plazos antes referidos podr\u00e1n ser ampliados s\u00f3lo en t\u00e9rminos de la LFPDP.<\/p>\n\n<p>La entrega de los Datos Personales ser\u00e1 gratuita, solamente le corresponder\u00e1 cubrir los gastos justificados de env\u00edo o el costo de reproducci\u00f3n en copias u otros formatos. En el caso de que el Titular reitere su solicitud en un periodo menor a doce meses, deber\u00e1 cubrir los costos correspondientes equivalentes a 1.5 d\u00edas de Salario M\u00ednimo Vigente en el Distrito Federal en t\u00e9rminos de la LFPDP, a menos que existan modificaciones sustanciales al Aviso de privacidad que motiven nuevas consultas.<\/p>\n\n<p>Para efectos de las solicitudes de cancelaci\u00f3n de Datos Personales, adem\u00e1s de lo dispuesto por el presente Aviso de privacidad, se estar\u00e1 a lo dispuesto en el Art\u00edculo 26 de la LFPDP, incluyendo los casos de excepci\u00f3n de cancelaci\u00f3n de Datos Personales ah\u00ed se\u00f1alados.<\/p>\n\n<p>La presentaci\u00f3n de una solicitud de oposici\u00f3n del uso de Datos Personales por el Titular de los mismos, dar\u00e1 al Responsable la facultad de oponerse al uso de los Datos Personales que como Titular haya entregado al oponente.<strong><br \/><\/strong><\/p>\n\n<p>\u00a0<\/p>\n<p><strong>9. CAMBIOS AL AVISO DE PRIVACIDAD.<\/strong><\/p>\n\n<p>VentoCapital se reserva el derecho de actualizar peri\u00f3dicamente el presente Aviso de privacidad para reflejar los cambios en nuestras pr\u00e1cticas de informaci\u00f3n. Es responsabilidad del Titular revisar peri\u00f3dicamente el contenido del Aviso de Privacidad en el sitio www.ventocapital.com en donde se publicar\u00e1n los cambios realizados juntamente con la fecha de la \u00faltima actualizaci\u00f3n. El Responsable entender\u00e1 que de no expresar lo contrario, significa que el Titular ha le\u00eddo, entendido y acordado los t\u00e9rminos ah\u00ed expuestos, lo que constituye su consentimiento a los cambios y\/o actualizaciones respecto al tratamiento de sus Datos Personales.<\/p>\n\t\t\t\t\t\t\t\t<\/div>\n\t\t\t\t<\/div>\n\t\t\t\t\t<\/div>\n\t\t<\/div>\n\t\t\t\t\t<\/div>\n\t\t<\/section>\n\t\t\t\t<\/div>","protected":false},"excerpt":{"rendered":"<p>El presente documento constituye el Aviso de privacidad de Privacidad para efectos de lo dispuesto en la Ley Federal de Protecci\u00f3n de Datos Personales en Posesi\u00f3n de los Particulares (la \u201cLFPDP\u201d) y las disposiciones que emanan de ella o se relacionan con la misma. Este Aviso de privacidad aplica a la informaci\u00f3n personal recopilada sobre [&hellip;]<\/p>\n","protected":false},"author":1,"featured_media":0,"parent":0,"menu_order":0,"comment_status":"closed","ping_status":"closed","template":"","meta":{"footnotes":""},"class_list":["post-3150","page","type-page","status-publish","hentry"],"_links":{"self":[{"href":"https:\/\/ventocapital.com\/en\/wp-json\/wp\/v2\/pages\/3150","targetHints":{"allow":["GET"]}}],"collection":[{"href":"https:\/\/ventocapital.com\/en\/wp-json\/wp\/v2\/pages"}],"about":[{"href":"https:\/\/ventocapital.com\/en\/wp-json\/wp\/v2\/types\/page"}],"author":[{"embeddable":true,"href":"https:\/\/ventocapital.com\/en\/wp-json\/wp\/v2\/users\/1"}],"replies":[{"embeddable":true,"href":"https:\/\/ventocapital.com\/en\/wp-json\/wp\/v2\/comments?post=3150"}],"version-history":[{"count":0,"href":"https:\/\/ventocapital.com\/en\/wp-json\/wp\/v2\/pages\/3150\/revisions"}],"wp:attachment":[{"href":"https:\/\/ventocapital.com\/en\/wp-json\/wp\/v2\/media?parent=3150"}],"curies":[{"name":"wp","href":"https:\/\/api.w.org\/{rel}","templated":true}]}}